{"id":7616,"date":"2025-10-21T14:59:31","date_gmt":"2025-10-21T14:59:31","guid":{"rendered":"https:\/\/tourturkey.com\/?page_id=7616"},"modified":"2025-11-05T11:20:51","modified_gmt":"2025-11-05T11:20:51","slug":"blog","status":"publish","type":"page","link":"https:\/\/tourturkey.com\/id\/blog\/","title":{"rendered":"Blog"},"content":{"rendered":"<div data-elementor-type=\"wp-page\" data-elementor-id=\"7616\" class=\"elementor elementor-7616\">\n\t\t\t\t<div class=\"elementor-element elementor-element-395a410 e-flex e-con-boxed e-con e-parent\" data-id=\"395a410\" data-element_type=\"container\" data-settings=\"{&quot;background_background&quot;:&quot;classic&quot;}\">\n\t\t\t\t\t<div class=\"e-con-inner\">\n\t\t\t\t<div class=\"elementor-element elementor-element-ddbb2c0 elementor-invisible elementor-widget elementor-widget-heading\" data-id=\"ddbb2c0\" data-element_type=\"widget\" data-settings=\"{&quot;_animation&quot;:&quot;togo-fade-in-up&quot;}\" data-widget_type=\"heading.default\">\n\t\t\t\t\t<h1 class=\"elementor-heading-title elementor-size-default\">Blog<\/h1>\t\t\t\t<\/div>\n\t\t\t\t\t<\/div>\n\t\t\t\t<\/div>\n\t\t<div class=\"elementor-element elementor-element-8bb3fee e-flex e-con-boxed e-con e-parent\" data-id=\"8bb3fee\" data-element_type=\"container\">\n\t\t\t\t\t<div class=\"e-con-inner\">\n\t\t\t\t<div class=\"elementor-element elementor-element-ee078df elementor-widget elementor-widget-togo-posts\" data-id=\"ee078df\" data-element_type=\"widget\" data-widget_type=\"togo-posts.default\">\n\t\t\t\t<div class=\"elementor-widget-container\">\n\t\t\t\t\t<div class=\"togo-posts-wrapper layout-grid columns-3 columns-tablet-2 columns-mobile-2\"><article id=\"post-6439\" class=\"post-6439 post type-post status-publish format-standard has-post-thumbnail hentry category-blog\"><!-- Open the inner post wrap of the blog post card. --><div class=\"inner-post-wrap\">            <!-- Output the thumbnail of the blog post card. -->\r\n            <div class=\"post-thumbnail togo-image\">\r\n                <!-- Output the link to the post. -->\r\n                <a href=\"https:\/\/tourturkey.com\/id\/cappadocia-tour-from-dubai\/\">\r\n                    <!-- Output the thumbnail image. -->\r\n                    <img decoding=\"async\" src=\"https:\/\/tourturkey.com\/wp-content\/uploads\/2025\/10\/ChatGPT-Image-Aug-22-2025-11_28_05-AM-400x280.png\" alt=\"Tur Cappadocia dari Dubai\">\r\n                <\/a>\r\n            <\/div>\r\n<!-- Open the content section of the blog post card --><div class=\"post-detail\"><!-- Start of the content section of the blog post card --><div class=\"post-meta\"><div class=\"post-cate\"><ul class=\"post-categories\">\n\t<li><a href=\"https:\/\/tourturkey.com\/id\/category\/blog\/\" rel=\"category tag\">Blog<\/a><\/li><\/ul><\/div><\/div><div class=\"post-title\"><h3 class=\"entry-title\"><a href=\"https:\/\/tourturkey.com\/id\/cappadocia-tour-from-dubai\/\" rel=\"bookmark\">Tur Cappadocia dari Dubai<\/a><\/h3><\/div><div class=\"post-excerpt\">Tur Cappadocia dari Dubai merupakan perpaduan sempurna dari dua dunia:...<\/div><div class=\"btn-readmore\"><a href=\"https:\/\/tourturkey.com\/id\/cappadocia-tour-from-dubai\/\">Read More<\/a><\/div><\/div><\/div><\/article><article id=\"post-6435\" class=\"post-6435 post type-post status-publish format-standard has-post-thumbnail hentry category-blog\"><!-- Open the inner post wrap of the blog post card. --><div class=\"inner-post-wrap\">            <!-- Output the thumbnail of the blog post card. -->\r\n            <div class=\"post-thumbnail togo-image\">\r\n                <!-- Output the link to the post. -->\r\n                <a href=\"https:\/\/tourturkey.com\/id\/best-cappadocia-tour\/\">\r\n                    <!-- Output the thumbnail image. -->\r\n                    <img decoding=\"async\" src=\"https:\/\/tourturkey.com\/wp-content\/uploads\/2025\/10\/istockphoto-1124656717-612x612-1-400x280.jpg\" alt=\"Tur Cappadocia Terbaik 2025\">\r\n                <\/a>\r\n            <\/div>\r\n<!-- Open the content section of the blog post card --><div class=\"post-detail\"><!-- Start of the content section of the blog post card --><div class=\"post-meta\"><div class=\"post-cate\"><ul class=\"post-categories\">\n\t<li><a href=\"https:\/\/tourturkey.com\/id\/category\/blog\/\" rel=\"category tag\">Blog<\/a><\/li><\/ul><\/div><\/div><div class=\"post-title\"><h3 class=\"entry-title\"><a href=\"https:\/\/tourturkey.com\/id\/best-cappadocia-tour\/\" rel=\"bookmark\">Tur Cappadocia Terbaik 2025<\/a><\/h3><\/div><div class=\"post-excerpt\">Tur Cappadocia Terbaik 2025 lebih dari sekadar perjalanan-ini adalah...<\/div><div class=\"btn-readmore\"><a href=\"https:\/\/tourturkey.com\/id\/best-cappadocia-tour\/\">Read More<\/a><\/div><\/div><\/div><\/article><article id=\"post-6431\" class=\"post-6431 post type-post status-publish format-standard has-post-thumbnail hentry category-blog\"><!-- Open the inner post wrap of the blog post card. --><div class=\"inner-post-wrap\">            <!-- Output the thumbnail of the blog post card. -->\r\n            <div class=\"post-thumbnail togo-image\">\r\n                <!-- Output the link to the post. -->\r\n                <a href=\"https:\/\/tourturkey.com\/id\/pamukkale-local-city-tour\/\">\r\n                    <!-- Output the thumbnail image. -->\r\n                    <img decoding=\"async\" src=\"https:\/\/tourturkey.com\/wp-content\/uploads\/2025\/10\/ChatGPT-Image-Aug-22-2025-11_24_26-AM-400x280.png\" alt=\"Tur Kota Lokal Pamukkale\">\r\n                <\/a>\r\n            <\/div>\r\n<!-- Open the content section of the blog post card --><div class=\"post-detail\"><!-- Start of the content section of the blog post card --><div class=\"post-meta\"><div class=\"post-cate\"><ul class=\"post-categories\">\n\t<li><a href=\"https:\/\/tourturkey.com\/id\/category\/blog\/\" rel=\"category tag\">Blog<\/a><\/li><\/ul><\/div><\/div><div class=\"post-title\"><h3 class=\"entry-title\"><a href=\"https:\/\/tourturkey.com\/id\/pamukkale-local-city-tour\/\" rel=\"bookmark\">Tur Kota Lokal Pamukkale<\/a><\/h3><\/div><div class=\"post-excerpt\">Tur Kota Lokal Pamukkale adalah salah satu cara yang paling menarik...<\/div><div class=\"btn-readmore\"><a href=\"https:\/\/tourturkey.com\/id\/pamukkale-local-city-tour\/\">Read More<\/a><\/div><\/div><\/div><\/article><article id=\"post-7176\" class=\"post-7176 post type-post status-publish format-standard has-post-thumbnail hentry category-blog\"><!-- Open the inner post wrap of the blog post card. --><div class=\"inner-post-wrap\">            <!-- Output the thumbnail of the blog post card. -->\r\n            <div class=\"post-thumbnail togo-image\">\r\n                <!-- Output the link to the post. -->\r\n                <a href=\"https:\/\/tourturkey.com\/id\/cappadocia-tour-from-istanbul\/\">\r\n                    <!-- Output the thumbnail image. -->\r\n                    <img decoding=\"async\" src=\"https:\/\/tourturkey.com\/wp-content\/uploads\/2025\/10\/ChatGPT-Image-Aug-22-2025-11_19_23-AM-400x280.png\" alt=\"Tur Cappadocia dari Istanbul\">\r\n                <\/a>\r\n            <\/div>\r\n<!-- Open the content section of the blog post card --><div class=\"post-detail\"><!-- Start of the content section of the blog post card --><div class=\"post-meta\"><div class=\"post-cate\"><ul class=\"post-categories\">\n\t<li><a href=\"https:\/\/tourturkey.com\/id\/category\/blog\/\" rel=\"category tag\">Blog<\/a><\/li><\/ul><\/div><\/div><div class=\"post-title\"><h3 class=\"entry-title\"><a href=\"https:\/\/tourturkey.com\/id\/cappadocia-tour-from-istanbul\/\" rel=\"bookmark\">Tur Cappadocia dari Istanbul<\/a><\/h3><\/div><div class=\"post-excerpt\">Tur Cappadocia dari Istanbul adalah cara yang sempurna untuk menjelajahi salah satu...<\/div><div class=\"btn-readmore\"><a href=\"https:\/\/tourturkey.com\/id\/cappadocia-tour-from-istanbul\/\">Read More<\/a><\/div><\/div><\/div><\/article><article id=\"post-7175\" class=\"post-7175 post type-post status-publish format-standard has-post-thumbnail hentry category-blog\"><!-- Open the inner post wrap of the blog post card. --><div class=\"inner-post-wrap\">            <!-- Output the thumbnail of the blog post card. -->\r\n            <div class=\"post-thumbnail togo-image\">\r\n                <!-- Output the link to the post. -->\r\n                <a href=\"https:\/\/tourturkey.com\/id\/pamukkale-tour-from-didim\/\">\r\n                    <!-- Output the thumbnail image. -->\r\n                    <img decoding=\"async\" src=\"https:\/\/tourturkey.com\/wp-content\/uploads\/2025\/10\/ChatGPT-Image-Aug-22-2025-11_12_30-AM-400x280.png\" alt=\"Tur Pamukkale dari Didim\">\r\n                <\/a>\r\n            <\/div>\r\n<!-- Open the content section of the blog post card --><div class=\"post-detail\"><!-- Start of the content section of the blog post card --><div class=\"post-meta\"><div class=\"post-cate\"><ul class=\"post-categories\">\n\t<li><a href=\"https:\/\/tourturkey.com\/id\/category\/blog\/\" rel=\"category tag\">Blog<\/a><\/li><\/ul><\/div><\/div><div class=\"post-title\"><h3 class=\"entry-title\"><a href=\"https:\/\/tourturkey.com\/id\/pamukkale-tour-from-didim\/\" rel=\"bookmark\">Tur Pamukkale dari Didim<\/a><\/h3><\/div><div class=\"post-excerpt\">Pamukkale Tour dari Didim adalah salah satu perjalanan paling tak terlupakan yang Anda...<\/div><div class=\"btn-readmore\"><a href=\"https:\/\/tourturkey.com\/id\/pamukkale-tour-from-didim\/\">Read More<\/a><\/div><\/div><\/div><\/article><article id=\"post-7174\" class=\"post-7174 post type-post status-publish format-standard has-post-thumbnail hentry category-blog\"><!-- Open the inner post wrap of the blog post card. --><div class=\"inner-post-wrap\">            <!-- Output the thumbnail of the blog post card. -->\r\n            <div class=\"post-thumbnail togo-image\">\r\n                <!-- Output the link to the post. -->\r\n                <a href=\"https:\/\/tourturkey.com\/id\/istanbul-events-next-14-days\/\">\r\n                    <!-- Output the thumbnail image. -->\r\n                    <img decoding=\"async\" src=\"https:\/\/tourturkey.com\/wp-content\/uploads\/2025\/10\/2024-01-20-09-54-32-768x512-1-400x280.jpg\" alt=\"Acara Istanbul 14 Hari ke Depan dari Hari Ini\">\r\n                <\/a>\r\n            <\/div>\r\n<!-- Open the content section of the blog post card --><div class=\"post-detail\"><!-- Start of the content section of the blog post card --><div class=\"post-meta\"><div class=\"post-cate\"><ul class=\"post-categories\">\n\t<li><a href=\"https:\/\/tourturkey.com\/id\/category\/blog\/\" rel=\"category tag\">Blog<\/a><\/li><\/ul><\/div><\/div><div class=\"post-title\"><h3 class=\"entry-title\"><a href=\"https:\/\/tourturkey.com\/id\/istanbul-events-next-14-days\/\" rel=\"bookmark\">Acara Istanbul 14 Hari ke Depan dari Hari Ini<\/a><\/h3><\/div><div class=\"post-excerpt\">Berbagai acara di Istanbul akan menyemarakkan kota ini selama dua minggu ke depan...<\/div><div class=\"btn-readmore\"><a href=\"https:\/\/tourturkey.com\/id\/istanbul-events-next-14-days\/\">Read More<\/a><\/div><\/div><\/div><\/article><article id=\"post-7173\" class=\"post-7173 post type-post status-publish format-standard has-post-thumbnail hentry category-blog\"><!-- Open the inner post wrap of the blog post card. --><div class=\"inner-post-wrap\">            <!-- Output the thumbnail of the blog post card. -->\r\n            <div class=\"post-thumbnail togo-image\">\r\n                <!-- Output the link to the post. -->\r\n                <a href=\"https:\/\/tourturkey.com\/id\/best-kusadasi-shore-excursions\/\">\r\n                    <!-- Output the thumbnail image. -->\r\n                    <img decoding=\"async\" src=\"https:\/\/tourturkey.com\/wp-content\/uploads\/2025\/10\/ChatGPT-Image-Jul-15-2025-10_07_30-AM-400x280.png\" alt=\"Tur Wisata Pantai Kusadas\u0131 Terbaik dan Harga 2025\">\r\n                <\/a>\r\n            <\/div>\r\n<!-- Open the content section of the blog post card --><div class=\"post-detail\"><!-- Start of the content section of the blog post card --><div class=\"post-meta\"><div class=\"post-cate\"><ul class=\"post-categories\">\n\t<li><a href=\"https:\/\/tourturkey.com\/id\/category\/blog\/\" rel=\"category tag\">Blog<\/a><\/li><\/ul><\/div><\/div><div class=\"post-title\"><h3 class=\"entry-title\"><a href=\"https:\/\/tourturkey.com\/id\/best-kusadasi-shore-excursions\/\" rel=\"bookmark\">Tur Wisata Pantai Kusadas\u0131 Terbaik dan Harga 2025<\/a><\/h3><\/div><div class=\"post-excerpt\">Wisata Pantai Kusadas\u0131 Terbaik - Terletak di sepanjang garis pantai Aegean yang indah di Turki, Ku\u015fadas\u0131 menyajikan...<\/div><div class=\"btn-readmore\"><a href=\"https:\/\/tourturkey.com\/id\/best-kusadasi-shore-excursions\/\">Read More<\/a><\/div><\/div><\/div><\/article><article id=\"post-7172\" class=\"post-7172 post type-post status-publish format-standard has-post-thumbnail hentry category-blog\"><!-- Open the inner post wrap of the blog post card. --><div class=\"inner-post-wrap\">            <!-- Output the thumbnail of the blog post card. -->\r\n            <div class=\"post-thumbnail togo-image\">\r\n                <!-- Output the link to the post. -->\r\n                <a href=\"https:\/\/tourturkey.com\/id\/antalya-airport-turkey-tour\/\">\r\n                    <!-- Output the thumbnail image. -->\r\n                    <img decoding=\"async\" src=\"https:\/\/tourturkey.com\/wp-content\/uploads\/2025\/10\/ChatGPT-Image-Jul-15-2025-10_02_51-AM-400x280.png\" alt=\"Tur Bandara Antalya Turki\">\r\n                <\/a>\r\n            <\/div>\r\n<!-- Open the content section of the blog post card --><div class=\"post-detail\"><!-- Start of the content section of the blog post card --><div class=\"post-meta\"><div class=\"post-cate\"><ul class=\"post-categories\">\n\t<li><a href=\"https:\/\/tourturkey.com\/id\/category\/blog\/\" rel=\"category tag\">Blog<\/a><\/li><\/ul><\/div><\/div><div class=\"post-title\"><h3 class=\"entry-title\"><a href=\"https:\/\/tourturkey.com\/id\/antalya-airport-turkey-tour\/\" rel=\"bookmark\">Tur Bandara Antalya Turki<\/a><\/h3><\/div><div class=\"post-excerpt\">Tur Turki Bandara Antalya - Antalya, terletak di pesisir pantai Mediterania yang terkenal di Turki dan...<\/div><div class=\"btn-readmore\"><a href=\"https:\/\/tourturkey.com\/id\/antalya-airport-turkey-tour\/\">Read More<\/a><\/div><\/div><\/div><\/article><article id=\"post-7171\" class=\"post-7171 post type-post status-publish format-standard has-post-thumbnail hentry category-blog\"><!-- Open the inner post wrap of the blog post card. --><div class=\"inner-post-wrap\">            <!-- Output the thumbnail of the blog post card. -->\r\n            <div class=\"post-thumbnail togo-image\">\r\n                <!-- Output the link to the post. -->\r\n                <a href=\"https:\/\/tourturkey.com\/id\/cappadocia-globe-tour\/\">\r\n                    <!-- Output the thumbnail image. -->\r\n                    <img decoding=\"async\" src=\"https:\/\/tourturkey.com\/wp-content\/uploads\/2025\/10\/ChatGPT-Image-Jul-15-2025-09_54_21-AM-400x280.png\" alt=\"Tur Dunia Cappadocia\">\r\n                <\/a>\r\n            <\/div>\r\n<!-- Open the content section of the blog post card --><div class=\"post-detail\"><!-- Start of the content section of the blog post card --><div class=\"post-meta\"><div class=\"post-cate\"><ul class=\"post-categories\">\n\t<li><a href=\"https:\/\/tourturkey.com\/id\/category\/blog\/\" rel=\"category tag\">Blog<\/a><\/li><\/ul><\/div><\/div><div class=\"post-title\"><h3 class=\"entry-title\"><a href=\"https:\/\/tourturkey.com\/id\/cappadocia-globe-tour\/\" rel=\"bookmark\">Tur Dunia Cappadocia<\/a><\/h3><\/div><div class=\"post-excerpt\">Cappadocia Globe Tour - Menjelajahi Turki adalah perjalanan yang menakjubkan melalui waktu dan...<\/div><div class=\"btn-readmore\"><a href=\"https:\/\/tourturkey.com\/id\/cappadocia-globe-tour\/\">Read More<\/a><\/div><\/div><\/div><\/article><article id=\"post-7170\" class=\"post-7170 post type-post status-publish format-standard has-post-thumbnail hentry category-blog\"><!-- Open the inner post wrap of the blog post card. --><div class=\"inner-post-wrap\">            <!-- Output the thumbnail of the blog post card. -->\r\n            <div class=\"post-thumbnail togo-image\">\r\n                <!-- Output the link to the post. -->\r\n                <a href=\"https:\/\/tourturkey.com\/id\/cappadocia-jeep-safari-tour\/\">\r\n                    <!-- Output the thumbnail image. -->\r\n                    <img decoding=\"async\" src=\"https:\/\/tourturkey.com\/wp-content\/uploads\/2025\/10\/ChatGPT-Image-Jul-15-2025-09_52_21-AM-400x280.png\" alt=\"Tur Safari Jeep Cappadocia\">\r\n                <\/a>\r\n            <\/div>\r\n<!-- Open the content section of the blog post card --><div class=\"post-detail\"><!-- Start of the content section of the blog post card --><div class=\"post-meta\"><div class=\"post-cate\"><ul class=\"post-categories\">\n\t<li><a href=\"https:\/\/tourturkey.com\/id\/category\/blog\/\" rel=\"category tag\">Blog<\/a><\/li><\/ul><\/div><\/div><div class=\"post-title\"><h3 class=\"entry-title\"><a href=\"https:\/\/tourturkey.com\/id\/cappadocia-jeep-safari-tour\/\" rel=\"bookmark\">Tur Safari Jeep Cappadocia<\/a><\/h3><\/div><div class=\"post-excerpt\">Tur Safari Jeep Cappadocia - Medan unik Cappadocia, yang dibentuk oleh aktivitas vulkanik dan...<\/div><div class=\"btn-readmore\"><a href=\"https:\/\/tourturkey.com\/id\/cappadocia-jeep-safari-tour\/\">Read More<\/a><\/div><\/div><\/div><\/article><article id=\"post-7169\" class=\"post-7169 post type-post status-publish format-standard has-post-thumbnail hentry category-blog\"><!-- Open the inner post wrap of the blog post card. --><div class=\"inner-post-wrap\">            <!-- Output the thumbnail of the blog post card. -->\r\n            <div class=\"post-thumbnail togo-image\">\r\n                <!-- Output the link to the post. -->\r\n                <a href=\"https:\/\/tourturkey.com\/id\/istanbul-day-trip-to-gallipoli\/\">\r\n                    <!-- Output the thumbnail image. -->\r\n                    <img decoding=\"async\" src=\"https:\/\/tourturkey.com\/wp-content\/uploads\/2025\/10\/ChatGPT-Image-Jul-4-2025-11_46_14-AM-400x280.png\" alt=\"Perjalanan Sehari Istanbul ke Gallipoli\">\r\n                <\/a>\r\n            <\/div>\r\n<!-- Open the content section of the blog post card --><div class=\"post-detail\"><!-- Start of the content section of the blog post card --><div class=\"post-meta\"><div class=\"post-cate\"><ul class=\"post-categories\">\n\t<li><a href=\"https:\/\/tourturkey.com\/id\/category\/blog\/\" rel=\"category tag\">Blog<\/a><\/li><\/ul><\/div><\/div><div class=\"post-title\"><h3 class=\"entry-title\"><a href=\"https:\/\/tourturkey.com\/id\/istanbul-day-trip-to-gallipoli\/\" rel=\"bookmark\">Perjalanan Sehari Istanbul ke Gallipoli<\/a><\/h3><\/div><div class=\"post-excerpt\">Perjalanan Sehari Istanbul ke Gallipoli - Turki adalah negeri dengan sejarah yang dalam...<\/div><div class=\"btn-readmore\"><a href=\"https:\/\/tourturkey.com\/id\/istanbul-day-trip-to-gallipoli\/\">Read More<\/a><\/div><\/div><\/div><\/article><article id=\"post-7168\" class=\"post-7168 post type-post status-publish format-standard has-post-thumbnail hentry category-blog\"><!-- Open the inner post wrap of the blog post card. --><div class=\"inner-post-wrap\">            <!-- Output the thumbnail of the blog post card. -->\r\n            <div class=\"post-thumbnail togo-image\">\r\n                <!-- Output the link to the post. -->\r\n                <a href=\"https:\/\/tourturkey.com\/id\/cappadocia-love-valley-tour\/\">\r\n                    <!-- Output the thumbnail image. -->\r\n                    <img decoding=\"async\" src=\"https:\/\/tourturkey.com\/wp-content\/uploads\/2025\/10\/ChatGPT-Image-Jul-4-2025-11_44_32-AM-400x280.png\" alt=\"Tur Lembah Cinta Cappadocia\">\r\n                <\/a>\r\n            <\/div>\r\n<!-- Open the content section of the blog post card --><div class=\"post-detail\"><!-- Start of the content section of the blog post card --><div class=\"post-meta\"><div class=\"post-cate\"><ul class=\"post-categories\">\n\t<li><a href=\"https:\/\/tourturkey.com\/id\/category\/blog\/\" rel=\"category tag\">Blog<\/a><\/li><\/ul><\/div><\/div><div class=\"post-title\"><h3 class=\"entry-title\"><a href=\"https:\/\/tourturkey.com\/id\/cappadocia-love-valley-tour\/\" rel=\"bookmark\">Tur Lembah Cinta Cappadocia<\/a><\/h3><\/div><div class=\"post-excerpt\">Tur Lembah Cinta Cappadocia - Cappadocia adalah tempat yang tiada duanya....<\/div><div class=\"btn-readmore\"><a href=\"https:\/\/tourturkey.com\/id\/cappadocia-love-valley-tour\/\">Read More<\/a><\/div><\/div><\/div><\/article><\/div>            <div class=\"togo-pagination pagination center\">\r\n                <ul class='page-numbers'>\n\t<li><span aria-label=\"Halaman 1\" aria-current=\"page\" class=\"page-numbers current\" data-no-translation-aria-label=\"\">1<\/span><\/li>\n\t<li><a aria-label=\"Halaman 2\" class=\"page-numbers\" href=\"https:\/\/tourturkey.com\/wp-json\/wp\/v2\/pages\/7616\/page\/2\/\" data-no-translation-aria-label=\"\">2<\/a><\/li>\n\t<li><a aria-label=\"Halaman 3\" class=\"page-numbers\" href=\"https:\/\/tourturkey.com\/wp-json\/wp\/v2\/pages\/7616\/page\/3\/\" data-no-translation-aria-label=\"\">3<\/a><\/li>\n\t<li><span class=\"page-numbers dots\">&hellip;<\/span><\/li>\n\t<li><a aria-label=\"Halaman 5\" class=\"page-numbers\" href=\"https:\/\/tourturkey.com\/wp-json\/wp\/v2\/pages\/7616\/page\/5\/\" data-no-translation-aria-label=\"\">5<\/a><\/li>\n\t<li><a class=\"next page-numbers\" href=\"https:\/\/tourturkey.com\/wp-json\/wp\/v2\/pages\/7616\/page\/2\/\"><svg viewbox=\"0 0 24 24\" fill=\"none\" xmlns=\"http:\/\/www.w3.org\/2000\/svg\"><path d=\"M9 18L15 12L9 6\" stroke=\"currentColor\" stroke-width=\"1.5\" stroke-linecap=\"round\" stroke-linejoin=\"round\"\/><\/svg><\/a><\/li>\n<\/ul>\n            <\/div><!-- .pagination -->\r\n\t\t\t\t<\/div>\n\t\t\t\t<\/div>\n\t\t\t\t\t<\/div>\n\t\t\t\t<\/div>\n\t\t\t\t<\/div>","protected":false},"excerpt":{"rendered":"<p>Blog Blog Cappadocia Tour from Dubai A Cappadocia Tour from Dubai is the perfect blend of two worlds:&#8230;Read More Blog Best Cappadocia Tour 2025 The Best Cappadocia Tour 2025 is more than just a journey\u2014it is&#8230;Read More Blog Pamukkale Local City Tour A Pamukkale Local City Tour is one of the most exciting ways&#8230;Read More [&hellip;]<\/p>","protected":false},"author":1,"featured_media":0,"parent":0,"menu_order":0,"comment_status":"closed","ping_status":"closed","template":"elementor_header_footer","meta":{"footnotes":""},"class_list":["post-7616","page","type-page","status-publish","hentry"],"_links":{"self":[{"href":"https:\/\/tourturkey.com\/id\/wp-json\/wp\/v2\/pages\/7616","targetHints":{"allow":["GET"]}}],"collection":[{"href":"https:\/\/tourturkey.com\/id\/wp-json\/wp\/v2\/pages"}],"about":[{"href":"https:\/\/tourturkey.com\/id\/wp-json\/wp\/v2\/types\/page"}],"author":[{"embeddable":true,"href":"https:\/\/tourturkey.com\/id\/wp-json\/wp\/v2\/users\/1"}],"replies":[{"embeddable":true,"href":"https:\/\/tourturkey.com\/id\/wp-json\/wp\/v2\/comments?post=7616"}],"version-history":[{"count":22,"href":"https:\/\/tourturkey.com\/id\/wp-json\/wp\/v2\/pages\/7616\/revisions"}],"predecessor-version":[{"id":7906,"href":"https:\/\/tourturkey.com\/id\/wp-json\/wp\/v2\/pages\/7616\/revisions\/7906"}],"wp:attachment":[{"href":"https:\/\/tourturkey.com\/id\/wp-json\/wp\/v2\/media?parent=7616"}],"curies":[{"name":"wp","href":"https:\/\/api.w.org\/{rel}","templated":true}]}}