{"id":2489,"date":"2025-04-11T10:56:27","date_gmt":"2025-04-11T03:56:27","guid":{"rendered":"https:\/\/togo.uxper.co\/?page_id=2489"},"modified":"2025-11-05T11:22:33","modified_gmt":"2025-11-05T11:22:33","slug":"faq","status":"publish","type":"page","link":"https:\/\/tourturkey.com\/es\/faq\/","title":{"rendered":"FAQs"},"content":{"rendered":"<div data-elementor-type=\"wp-page\" data-elementor-id=\"2489\" class=\"elementor elementor-2489\">\n\t\t\t\t<div class=\"elementor-element elementor-element-6b4f1b0 e-flex e-con-boxed e-con e-parent\" data-id=\"6b4f1b0\" data-element_type=\"container\" data-settings=\"{&quot;background_background&quot;:&quot;classic&quot;}\">\n\t\t\t\t\t<div class=\"e-con-inner\">\n\t\t\t\t<div class=\"elementor-element elementor-element-7966999 elementor-invisible elementor-widget elementor-widget-heading\" data-id=\"7966999\" data-element_type=\"widget\" data-settings=\"{&quot;_animation&quot;:&quot;togo-fade-in-up&quot;}\" data-widget_type=\"heading.default\">\n\t\t\t\t\t<h1 class=\"elementor-heading-title elementor-size-default\">Preguntas m\u00e1s frecuentes<\/h1>\t\t\t\t<\/div>\n\t\t\t\t\t<\/div>\n\t\t\t\t<\/div>\n\t\t<div class=\"elementor-element elementor-element-3c4684c e-flex e-con-boxed e-con e-parent\" data-id=\"3c4684c\" data-element_type=\"container\" data-settings=\"{&quot;background_background&quot;:&quot;classic&quot;}\">\n\t\t\t\t\t<div class=\"e-con-inner\">\n\t\t<div class=\"elementor-element elementor-element-056806c e-con-full e-flex e-con e-child\" data-id=\"056806c\" data-element_type=\"container\">\n\t\t\t\t<div class=\"elementor-element elementor-element-41d2d85 elementor-widget elementor-widget-image\" data-id=\"41d2d85\" data-element_type=\"widget\" data-widget_type=\"image.default\">\n\t\t\t\t\t\t\t\t\t\t\t\t\t\t\t<img fetchpriority=\"high\" decoding=\"async\" width=\"452\" height=\"351\" src=\"https:\/\/tourturkey.com\/wp-content\/uploads\/2025\/10\/img-3_2x-removebg-preview-1.png\" class=\"attachment-large size-large wp-image-8042\" alt=\"\" srcset=\"https:\/\/tourturkey.com\/wp-content\/uploads\/2025\/10\/img-3_2x-removebg-preview-1.png 452w, https:\/\/tourturkey.com\/wp-content\/uploads\/2025\/10\/img-3_2x-removebg-preview-1-300x233.png 300w\" sizes=\"(max-width: 452px) 100vw, 452px\" \/>\t\t\t\t\t\t\t\t\t\t\t\t\t\t\t<\/div>\n\t\t\t\t<\/div>\n\t\t<div class=\"elementor-element elementor-element-2e21a7f e-con-full e-flex e-con e-child\" data-id=\"2e21a7f\" data-element_type=\"container\">\n\t\t\t\t<div class=\"elementor-element elementor-element-fa884d1 elementor-widget__width-inherit elementor-invisible elementor-widget elementor-widget-n-accordion\" data-id=\"fa884d1\" data-element_type=\"widget\" data-settings=\"{&quot;_animation&quot;:&quot;togo-fade-in-up&quot;,&quot;default_state&quot;:&quot;expanded&quot;,&quot;max_items_expended&quot;:&quot;one&quot;,&quot;n_accordion_animation_duration&quot;:{&quot;unit&quot;:&quot;ms&quot;,&quot;size&quot;:400,&quot;sizes&quot;:[]}}\" data-widget_type=\"nested-accordion.default\">\n\t\t\t\t\t\t\t<div class=\"e-n-accordion\" aria-label=\"Acorde\u00f3n. Abra los enlaces con Intro o Espacio, ci\u00e9rrelos con Escape y navegue con las teclas de flecha.\">\n\t\t\t\t\t\t<details id=\"e-n-accordion-item-2620\" class=\"e-n-accordion-item\" open>\n\t\t\t\t<summary class=\"e-n-accordion-item-title\" data-accordion-index=\"1\" tabindex=\"0\" aria-expanded=\"true\" aria-controls=\"e-n-accordion-item-2620\" >\n\t\t\t\t\t<span class='e-n-accordion-item-title-header'><span class=\"e-n-accordion-item-title-text\"> \u00bfC\u00f3mo puedo reservar una visita? <\/span><\/span>\n\t\t\t\t\t\t\t<span class='e-n-accordion-item-title-icon'>\n\t\t\t<span class='e-opened' ><i aria-hidden=\"true\" class=\"togo-svg chevron-up\"><\/i><\/span>\n\t\t\t<span class='e-closed'><i aria-hidden=\"true\" class=\"togo-svg chevron-down\"><\/i><\/span>\n\t\t<\/span>\n\n\t\t\t\t\t\t<\/summary>\n\t\t\t\t<div role=\"region\" aria-labelledby=\"e-n-accordion-item-2620\" class=\"elementor-element elementor-element-69bc333 e-con-full e-flex e-con e-child\" data-id=\"69bc333\" data-element_type=\"container\">\n\t\t\t\t<div class=\"elementor-element elementor-element-cbbf86f elementor-widget elementor-widget-text-editor\" data-id=\"cbbf86f\" data-element_type=\"widget\" data-widget_type=\"text-editor.default\">\n\t\t\t\t\t\t\t\t\t<p>Lorem ipsum dolor sit amet, consectetur adipiscing elit. Fusce eu maximus velit. Maecenas egestas rhoncus condimentum. Cras dapibus elit dui. Phasellus felis odio, interdum lacinia nulla eget, tincidunt condimentum dui. Nunc auctor fringilla iaculis. Ut imperdiet, diam vitae bibendum ornare, urna eros ornare mauris, sit amet tempor tortor tortor sit amet mi.<\/p>\t\t\t\t\t\t\t\t<\/div>\n\t\t\t\t<\/div>\n\t\t\t\t\t<\/details>\n\t\t\t\t\t\t<details id=\"e-n-accordion-item-2621\" class=\"e-n-accordion-item\" >\n\t\t\t\t<summary class=\"e-n-accordion-item-title\" data-accordion-index=\"2\" tabindex=\"-1\" aria-expanded=\"false\" aria-controls=\"e-n-accordion-item-2621\" >\n\t\t\t\t\t<span class='e-n-accordion-item-title-header'><span class=\"e-n-accordion-item-title-text\"> \u00bfHay restricciones de edad para la visita? <\/span><\/span>\n\t\t\t\t\t\t\t<span class='e-n-accordion-item-title-icon'>\n\t\t\t<span class='e-opened' ><i aria-hidden=\"true\" class=\"togo-svg chevron-up\"><\/i><\/span>\n\t\t\t<span class='e-closed'><i aria-hidden=\"true\" class=\"togo-svg chevron-down\"><\/i><\/span>\n\t\t<\/span>\n\n\t\t\t\t\t\t<\/summary>\n\t\t\t\t<div role=\"region\" aria-labelledby=\"e-n-accordion-item-2621\" class=\"elementor-element elementor-element-30f0b33 e-con-full e-flex e-con e-child\" data-id=\"30f0b33\" data-element_type=\"container\">\n\t\t\t\t<div class=\"elementor-element elementor-element-59c4c34 elementor-widget elementor-widget-text-editor\" data-id=\"59c4c34\" data-element_type=\"widget\" data-widget_type=\"text-editor.default\">\n\t\t\t\t\t\t\t\t\t<p>Lorem ipsum dolor sit amet, consectetur adipiscing elit. Fusce eu maximus velit. Maecenas egestas rhoncus condimentum. Cras dapibus elit dui. Phasellus felis odio, interdum lacinia nulla eget, tincidunt condimentum dui. Nunc auctor fringilla iaculis. Ut imperdiet, diam vitae bibendum ornare, urna eros ornare mauris, sit amet tempor tortor tortor sit amet mi.<\/p>\t\t\t\t\t\t\t\t<\/div>\n\t\t\t\t<\/div>\n\t\t\t\t\t<\/details>\n\t\t\t\t\t\t<details id=\"e-n-accordion-item-2622\" class=\"e-n-accordion-item\" >\n\t\t\t\t<summary class=\"e-n-accordion-item-title\" data-accordion-index=\"3\" tabindex=\"-1\" aria-expanded=\"false\" aria-controls=\"e-n-accordion-item-2622\" >\n\t\t\t\t\t<span class='e-n-accordion-item-title-header'><span class=\"e-n-accordion-item-title-text\"> \u00bfQu\u00e9 incluye el paquete tur\u00edstico? <\/span><\/span>\n\t\t\t\t\t\t\t<span class='e-n-accordion-item-title-icon'>\n\t\t\t<span class='e-opened' ><i aria-hidden=\"true\" class=\"togo-svg chevron-up\"><\/i><\/span>\n\t\t\t<span class='e-closed'><i aria-hidden=\"true\" class=\"togo-svg chevron-down\"><\/i><\/span>\n\t\t<\/span>\n\n\t\t\t\t\t\t<\/summary>\n\t\t\t\t<div role=\"region\" aria-labelledby=\"e-n-accordion-item-2622\" class=\"elementor-element elementor-element-bd90cba e-con-full e-flex e-con e-child\" data-id=\"bd90cba\" data-element_type=\"container\">\n\t\t\t\t<div class=\"elementor-element elementor-element-330b5da elementor-widget elementor-widget-text-editor\" data-id=\"330b5da\" data-element_type=\"widget\" data-widget_type=\"text-editor.default\">\n\t\t\t\t\t\t\t\t\t<p>Lorem ipsum dolor sit amet, consectetur adipiscing elit. Fusce eu maximus velit. Maecenas egestas rhoncus condimentum. Cras dapibus elit dui. Phasellus felis odio, interdum lacinia nulla eget, tincidunt condimentum dui. Nunc auctor fringilla iaculis. Ut imperdiet, diam vitae bibendum ornare, urna eros ornare mauris, sit amet tempor tortor tortor sit amet mi.<\/p>\t\t\t\t\t\t\t\t<\/div>\n\t\t\t\t<\/div>\n\t\t\t\t\t<\/details>\n\t\t\t\t\t\t<details id=\"e-n-accordion-item-2623\" class=\"e-n-accordion-item\" >\n\t\t\t\t<summary class=\"e-n-accordion-item-title\" data-accordion-index=\"4\" tabindex=\"-1\" aria-expanded=\"false\" aria-controls=\"e-n-accordion-item-2623\" >\n\t\t\t\t\t<span class='e-n-accordion-item-title-header'><span class=\"e-n-accordion-item-title-text\"> \u00bfC\u00f3mo puedo reservar una visita? <\/span><\/span>\n\t\t\t\t\t\t\t<span class='e-n-accordion-item-title-icon'>\n\t\t\t<span class='e-opened' ><i aria-hidden=\"true\" class=\"togo-svg chevron-up\"><\/i><\/span>\n\t\t\t<span class='e-closed'><i aria-hidden=\"true\" class=\"togo-svg chevron-down\"><\/i><\/span>\n\t\t<\/span>\n\n\t\t\t\t\t\t<\/summary>\n\t\t\t\t<div role=\"region\" aria-labelledby=\"e-n-accordion-item-2623\" class=\"elementor-element elementor-element-276bc35 e-con-full e-flex e-con e-child\" data-id=\"276bc35\" data-element_type=\"container\">\n\t\t\t\t<div class=\"elementor-element elementor-element-73a4e8c elementor-widget elementor-widget-text-editor\" data-id=\"73a4e8c\" data-element_type=\"widget\" data-widget_type=\"text-editor.default\">\n\t\t\t\t\t\t\t\t\t<p>Lorem ipsum dolor sit amet, consectetur adipiscing elit. Fusce eu maximus velit. Maecenas egestas rhoncus condimentum. Cras dapibus elit dui. Phasellus felis odio, interdum lacinia nulla eget, tincidunt condimentum dui. Nunc auctor fringilla iaculis. Ut imperdiet, diam vitae bibendum ornare, urna eros ornare mauris, sit amet tempor tortor tortor sit amet mi.<\/p>\t\t\t\t\t\t\t\t<\/div>\n\t\t\t\t<\/div>\n\t\t\t\t\t<\/details>\n\t\t\t\t\t\t<details id=\"e-n-accordion-item-2624\" class=\"e-n-accordion-item\" >\n\t\t\t\t<summary class=\"e-n-accordion-item-title\" data-accordion-index=\"5\" tabindex=\"-1\" aria-expanded=\"false\" aria-controls=\"e-n-accordion-item-2624\" >\n\t\t\t\t\t<span class='e-n-accordion-item-title-header'><span class=\"e-n-accordion-item-title-text\"> \u00bfCu\u00e1l es la pol\u00edtica de cancelaci\u00f3n? <\/span><\/span>\n\t\t\t\t\t\t\t<span class='e-n-accordion-item-title-icon'>\n\t\t\t<span class='e-opened' ><i aria-hidden=\"true\" class=\"togo-svg chevron-up\"><\/i><\/span>\n\t\t\t<span class='e-closed'><i aria-hidden=\"true\" class=\"togo-svg chevron-down\"><\/i><\/span>\n\t\t<\/span>\n\n\t\t\t\t\t\t<\/summary>\n\t\t\t\t<div role=\"region\" aria-labelledby=\"e-n-accordion-item-2624\" class=\"elementor-element elementor-element-c4a80b2 e-con-full e-flex e-con e-child\" data-id=\"c4a80b2\" data-element_type=\"container\">\n\t\t\t\t<div class=\"elementor-element elementor-element-4944d9f elementor-widget elementor-widget-text-editor\" data-id=\"4944d9f\" data-element_type=\"widget\" data-widget_type=\"text-editor.default\">\n\t\t\t\t\t\t\t\t\t<p>Lorem ipsum dolor sit amet, consectetur adipiscing elit. Fusce eu maximus velit. Maecenas egestas rhoncus condimentum. Cras dapibus elit dui. Phasellus felis odio, interdum lacinia nulla eget, tincidunt condimentum dui. Nunc auctor fringilla iaculis. Ut imperdiet, diam vitae bibendum ornare, urna eros ornare mauris, sit amet tempor tortor tortor sit amet mi.<\/p>\t\t\t\t\t\t\t\t<\/div>\n\t\t\t\t<\/div>\n\t\t\t\t\t<\/details>\n\t\t\t\t\t\t<details id=\"e-n-accordion-item-2625\" class=\"e-n-accordion-item\" >\n\t\t\t\t<summary class=\"e-n-accordion-item-title\" data-accordion-index=\"6\" tabindex=\"-1\" aria-expanded=\"false\" aria-controls=\"e-n-accordion-item-2625\" >\n\t\t\t\t\t<span class='e-n-accordion-item-title-header'><span class=\"e-n-accordion-item-title-text\"> \u00bfQu\u00e9 debo llevar para la excursi\u00f3n? <\/span><\/span>\n\t\t\t\t\t\t\t<span class='e-n-accordion-item-title-icon'>\n\t\t\t<span class='e-opened' ><i aria-hidden=\"true\" class=\"togo-svg chevron-up\"><\/i><\/span>\n\t\t\t<span class='e-closed'><i aria-hidden=\"true\" class=\"togo-svg chevron-down\"><\/i><\/span>\n\t\t<\/span>\n\n\t\t\t\t\t\t<\/summary>\n\t\t\t\t<div role=\"region\" aria-labelledby=\"e-n-accordion-item-2625\" class=\"elementor-element elementor-element-b70f6a7 e-con-full e-flex e-con e-child\" data-id=\"b70f6a7\" data-element_type=\"container\">\n\t\t\t\t<div class=\"elementor-element elementor-element-c36b5e7 elementor-widget elementor-widget-text-editor\" data-id=\"c36b5e7\" data-element_type=\"widget\" data-widget_type=\"text-editor.default\">\n\t\t\t\t\t\t\t\t\t<p>Lorem ipsum dolor sit amet, consectetur adipiscing elit. Fusce eu maximus velit. Maecenas egestas rhoncus condimentum. Cras dapibus elit dui. Phasellus felis odio, interdum lacinia nulla eget, tincidunt condimentum dui. Nunc auctor fringilla iaculis. Ut imperdiet, diam vitae bibendum ornare, urna eros ornare mauris, sit amet tempor tortor tortor sit amet mi.<\/p>\t\t\t\t\t\t\t\t<\/div>\n\t\t\t\t<\/div>\n\t\t\t\t\t<\/details>\n\t\t\t\t\t<\/div>\n\t\t\t\t\t\t<\/div>\n\t\t\t\t<\/div>\n\t\t\t\t\t<\/div>\n\t\t\t\t<\/div>\n\t\t\t\t<\/div>","protected":false},"excerpt":{"rendered":"<p>Frequently asked questions How can I book a tour? Lorem ipsum dolor sit amet, consectetur adipiscing elit. Fusce eu maximus velit. Maecenas egestas rhoncus condimentum. Cras dapibus elit dui. Phasellus felis odio, interdum lacinia nulla eget, tincidunt condimentum dui. Nunc auctor fringilla iaculis. Ut imperdiet, diam vitae bibendum ornare, urna eros ornare mauris, sit amet [&hellip;]<\/p>","protected":false},"author":1,"featured_media":0,"parent":0,"menu_order":0,"comment_status":"closed","ping_status":"closed","template":"elementor_header_footer","meta":{"footnotes":""},"class_list":["post-2489","page","type-page","status-publish","hentry"],"_links":{"self":[{"href":"https:\/\/tourturkey.com\/es\/wp-json\/wp\/v2\/pages\/2489","targetHints":{"allow":["GET"]}}],"collection":[{"href":"https:\/\/tourturkey.com\/es\/wp-json\/wp\/v2\/pages"}],"about":[{"href":"https:\/\/tourturkey.com\/es\/wp-json\/wp\/v2\/types\/page"}],"author":[{"embeddable":true,"href":"https:\/\/tourturkey.com\/es\/wp-json\/wp\/v2\/users\/1"}],"replies":[{"embeddable":true,"href":"https:\/\/tourturkey.com\/es\/wp-json\/wp\/v2\/comments?post=2489"}],"version-history":[{"count":12,"href":"https:\/\/tourturkey.com\/es\/wp-json\/wp\/v2\/pages\/2489\/revisions"}],"predecessor-version":[{"id":8733,"href":"https:\/\/tourturkey.com\/es\/wp-json\/wp\/v2\/pages\/2489\/revisions\/8733"}],"wp:attachment":[{"href":"https:\/\/tourturkey.com\/es\/wp-json\/wp\/v2\/media?parent=2489"}],"curies":[{"name":"wp","href":"https:\/\/api.w.org\/{rel}","templated":true}]}}