{"id":2273,"date":"2025-04-09T14:04:36","date_gmt":"2025-04-09T07:04:36","guid":{"rendered":"https:\/\/togo.uxper.co\/?page_id=2273"},"modified":"2025-11-12T15:09:48","modified_gmt":"2025-11-12T15:09:48","slug":"acerca-de-nosotros","status":"publish","type":"page","link":"https:\/\/tourturkey.com\/es\/acerca-de-nosotros\/","title":{"rendered":"Qui\u00e9nes somos"},"content":{"rendered":"<div data-elementor-type=\"wp-page\" data-elementor-id=\"2273\" class=\"elementor elementor-2273\">\n\t\t\t\t<div class=\"elementor-element elementor-element-b4efeea e-flex e-con-boxed e-con e-parent\" data-id=\"b4efeea\" data-element_type=\"container\" data-settings=\"{&quot;background_background&quot;:&quot;classic&quot;}\">\n\t\t\t\t\t<div class=\"e-con-inner\">\n\t\t\t\t<div class=\"elementor-element elementor-element-ce0f48d elementor-invisible elementor-widget elementor-widget-heading\" data-id=\"ce0f48d\" data-element_type=\"widget\" data-settings=\"{&quot;_animation&quot;:&quot;togo-fade-in-up&quot;}\" data-widget_type=\"heading.default\">\n\t\t\t\t\t<h1 class=\"elementor-heading-title elementor-size-default\"> Nosotros<\/h1>\t\t\t\t<\/div>\n\t\t\t\t\t<\/div>\n\t\t\t\t<\/div>\n\t\t<div class=\"elementor-element elementor-element-cbb6733 e-flex e-con-boxed e-con e-parent\" data-id=\"cbb6733\" data-element_type=\"container\" data-settings=\"{&quot;background_background&quot;:&quot;classic&quot;}\">\n\t\t\t\t\t<div class=\"e-con-inner\">\n\t\t<div class=\"elementor-element elementor-element-8abc54c e-con-full e-flex elementor-invisible e-con e-child\" data-id=\"8abc54c\" data-element_type=\"container\" data-settings=\"{&quot;animation&quot;:&quot;togo-fade-in-left&quot;}\">\n\t\t\t\t<div class=\"elementor-element elementor-element-f27db04 elementor-widget elementor-widget-heading\" data-id=\"f27db04\" data-element_type=\"widget\" data-widget_type=\"heading.default\">\n\t\t\t\t\t<h2 class=\"elementor-heading-title elementor-size-default\">Hola<\/h2>\t\t\t\t<\/div>\n\t\t\t\t<div class=\"elementor-element elementor-element-5e3c746 elementor-widget elementor-widget-text-editor\" data-id=\"5e3c746\" data-element_type=\"widget\" data-widget_type=\"text-editor.default\">\n\t\t\t\t\t\t\t\t\t<p>Saludos cordiales desde la cuna de las civilizaciones, uni\u00f3n de continentes, desde Estambul, Turqu\u00eda.<\/p><p>Nosotros, tres proffesional gu\u00eda tur\u00edstico estableci\u00f3 una agencia de viajes, muchos a\u00f1os trabaj\u00f3 como gu\u00eda con diferentes agencias de viajes, y con diferente nacionalidad.<\/p><p>Ahora, nos centramos en los servicios de viajes en l\u00ednea para viajeros independientes y hu\u00e9spedes que desean obtener un servicio incre\u00edble, extraordinario y memorable.<\/p><p>Como TOURTURKEY.com, le ofrecemos no s\u00f3lo servicio de viajes, sino tambi\u00e9n recuerdos memorables de Turqu\u00eda para toda la vida.<\/p><p>A pesar de 14 a\u00f1os de experiencias de viaje nos ha pensado para hacer organizaciones fiables y gestionar para proteger su reputatation de fiabilidad, ampliar sus actividades con nuevos hu\u00e9spedes valiosos.<\/p><p>Somos conscientes de las tradiciones de los pa\u00edses y las expectativas de viaje, as\u00ed como de la profesionalidad y la puntualidad.<\/p><p>Somos expertos en la organizaci\u00f3n de viajes privados, paquetes tur\u00edsticos entrantes y salientes, viajes a medida, incentivos y viajes en grupo.<\/p>\t\t\t\t\t\t\t\t<\/div>\n\t\t\t\t<\/div>\n\t\t<div class=\"elementor-element elementor-element-58a22f0 e-con-full e-flex e-con e-child\" data-id=\"58a22f0\" data-element_type=\"container\">\n\t\t\t\t<div class=\"elementor-element elementor-element-5caf98b elementor-invisible elementor-widget elementor-widget-image\" data-id=\"5caf98b\" data-element_type=\"widget\" data-settings=\"{&quot;_animation&quot;:&quot;togo-fade-in-up&quot;}\" data-widget_type=\"image.default\">\n\t\t\t\t\t\t\t\t\t\t\t\t\t\t\t<img fetchpriority=\"high\" decoding=\"async\" width=\"1010\" height=\"768\" src=\"https:\/\/tourturkey.com\/wp-content\/uploads\/2025\/10\/shutterstock_182753423_1010x768.jpg\" class=\"attachment-full size-full wp-image-7498\" alt=\"\" srcset=\"https:\/\/tourturkey.com\/wp-content\/uploads\/2025\/10\/shutterstock_182753423_1010x768.jpg 1010w, https:\/\/tourturkey.com\/wp-content\/uploads\/2025\/10\/shutterstock_182753423_1010x768-300x228.jpg 300w, https:\/\/tourturkey.com\/wp-content\/uploads\/2025\/10\/shutterstock_182753423_1010x768-768x584.jpg 768w, https:\/\/tourturkey.com\/wp-content\/uploads\/2025\/10\/shutterstock_182753423_1010x768-600x456.jpg 600w\" sizes=\"(max-width: 1010px) 100vw, 1010px\" \/>\t\t\t\t\t\t\t\t\t\t\t\t\t\t\t<\/div>\n\t\t\t\t<\/div>\n\t\t\t\t\t<\/div>\n\t\t\t\t<\/div>\n\t\t<div class=\"elementor-element elementor-element-53ebfbb e-flex e-con-boxed e-con e-parent\" data-id=\"53ebfbb\" data-element_type=\"container\" data-settings=\"{&quot;background_background&quot;:&quot;classic&quot;}\">\n\t\t\t\t\t<div class=\"e-con-inner\">\n\t\t\t\t<div class=\"elementor-element elementor-element-bc63db0 elementor-widget-divider--view-line elementor-widget elementor-widget-divider\" data-id=\"bc63db0\" data-element_type=\"widget\" data-widget_type=\"divider.default\">\n\t\t\t\t\t\t\t<div class=\"elementor-divider\">\n\t\t\t<span class=\"elementor-divider-separator\">\n\t\t\t\t\t\t<\/span>\n\t\t<\/div>\n\t\t\t\t\t\t<\/div>\n\t\t\t\t\t<\/div>\n\t\t\t\t<\/div>\n\t\t<div class=\"elementor-element elementor-element-0c829fb e-flex e-con-boxed e-con e-parent\" data-id=\"0c829fb\" data-element_type=\"container\" data-settings=\"{&quot;background_background&quot;:&quot;classic&quot;}\">\n\t\t\t\t\t<div class=\"e-con-inner\">\n\t\t<div class=\"elementor-element elementor-element-a51b6f7 e-con-full e-flex e-con e-child\" data-id=\"a51b6f7\" data-element_type=\"container\">\n\t\t\t\t<div class=\"elementor-element elementor-element-0101522 elementor-invisible elementor-widget elementor-widget-image\" data-id=\"0101522\" data-element_type=\"widget\" data-settings=\"{&quot;_animation&quot;:&quot;togo-fade-in-up&quot;}\" data-widget_type=\"image.default\">\n\t\t\t\t\t\t\t\t\t\t\t\t\t\t\t<img decoding=\"async\" width=\"1022\" height=\"768\" src=\"https:\/\/tourturkey.com\/wp-content\/uploads\/2025\/10\/shutterstock_161851268_1022x768.jpg\" class=\"attachment-full size-full wp-image-7534\" alt=\"\" srcset=\"https:\/\/tourturkey.com\/wp-content\/uploads\/2025\/10\/shutterstock_161851268_1022x768.jpg 1022w, https:\/\/tourturkey.com\/wp-content\/uploads\/2025\/10\/shutterstock_161851268_1022x768-300x225.jpg 300w, https:\/\/tourturkey.com\/wp-content\/uploads\/2025\/10\/shutterstock_161851268_1022x768-768x577.jpg 768w, https:\/\/tourturkey.com\/wp-content\/uploads\/2025\/10\/shutterstock_161851268_1022x768-600x451.jpg 600w\" sizes=\"(max-width: 1022px) 100vw, 1022px\" \/>\t\t\t\t\t\t\t\t\t\t\t\t\t\t\t<\/div>\n\t\t\t\t<\/div>\n\t\t<div class=\"elementor-element elementor-element-ff9808f e-con-full e-flex elementor-invisible e-con e-child\" data-id=\"ff9808f\" data-element_type=\"container\" data-settings=\"{&quot;animation&quot;:&quot;togo-fade-in-left&quot;}\">\n\t\t\t\t<div class=\"elementor-element elementor-element-29a1489 elementor-widget elementor-widget-text-editor\" data-id=\"29a1489\" data-element_type=\"widget\" data-widget_type=\"text-editor.default\">\n\t\t\t\t\t\t\t\t\t<p>Hasta ahora, en todo el mundo hemos servido a m\u00e1s de diez mil clientes felices, tambi\u00e9n somos miembros de la Asociaci\u00f3n Turca de Agencias de Viajes (TURSAB) con el n\u00famero de registro A Class 7008.<\/p><p>Tambi\u00e9n sabemos definitivamente que la mejor publicidad son los buenos servicios que le dir\u00e1 a su pariente y amigos con gran placer.<\/p><p>La marca TOURTURKEY.com se centra principalmente en viajes privados para clientes que desean un servicio exclusivo y con clase.<\/p><p>Nuestro objetivo es conseguir siempre los mejores servicios posibles que representen satisfacci\u00f3n y precisi\u00f3n.<\/p><p>Excelentes servicios, programas altamente flexibles y nuestro buen conocimiento de Turqu\u00eda y de la industria tur\u00edstica ser\u00e1n una gran ventaja para comprender Turqu\u00eda y sus tesoros.<\/p><p>Le invitamos a vivir la deslumbrante experiencia de Turqu\u00eda y siempre estaremos encantados de obtener colaboraci\u00f3n y coorperation con usted.<\/p><p>Reciba un cordial saludo.<\/p>\t\t\t\t\t\t\t\t<\/div>\n\t\t\t\t<\/div>\n\t\t\t\t\t<\/div>\n\t\t\t\t<\/div>\n\t\t<div class=\"elementor-element elementor-element-c11e9a6 e-flex e-con-boxed e-con e-parent\" data-id=\"c11e9a6\" data-element_type=\"container\" data-settings=\"{&quot;background_background&quot;:&quot;classic&quot;}\">\n\t\t\t\t\t<div class=\"e-con-inner\">\n\t\t\t\t<div class=\"elementor-element elementor-element-0c583c3 elementor-invisible elementor-widget elementor-widget-heading\" data-id=\"0c583c3\" data-element_type=\"widget\" data-settings=\"{&quot;_animation&quot;:&quot;togo-fade-in-up&quot;}\" data-widget_type=\"heading.default\">\n\t\t\t\t\t<h2 class=\"elementor-heading-title elementor-size-default\">Conozca al equipo\n<\/h2>\t\t\t\t<\/div>\n\t\t\t\t\t<\/div>\n\t\t\t\t<\/div>\n\t\t<div class=\"elementor-element elementor-element-99752aa e-flex e-con-boxed e-con e-parent\" data-id=\"99752aa\" data-element_type=\"container\" data-settings=\"{&quot;background_background&quot;:&quot;classic&quot;}\">\n\t\t\t\t\t<div class=\"e-con-inner\">\n\t\t<div class=\"elementor-element elementor-element-071b3b2 e-con-full e-flex e-con e-child\" data-id=\"071b3b2\" data-element_type=\"container\">\n\t\t\t\t<div class=\"elementor-element elementor-element-ab4acd4 elementor-position-top elementor-invisible elementor-widget elementor-widget-image-box\" data-id=\"ab4acd4\" data-element_type=\"widget\" data-settings=\"{&quot;_animation&quot;:&quot;togo-fade-in-up&quot;}\" data-widget_type=\"image-box.default\">\n\t\t\t\t\t<div class=\"elementor-image-box-wrapper\"><figure class=\"elementor-image-box-img\"><img decoding=\"async\" width=\"400\" height=\"400\" src=\"https:\/\/tourturkey.com\/wp-content\/uploads\/2025\/10\/Adsiz-tasarim-2025-10-23T153633.424.jpg\" class=\"attachment-full size-full wp-image-7911\" alt=\"\" srcset=\"https:\/\/tourturkey.com\/wp-content\/uploads\/2025\/10\/Adsiz-tasarim-2025-10-23T153633.424.jpg 400w, https:\/\/tourturkey.com\/wp-content\/uploads\/2025\/10\/Adsiz-tasarim-2025-10-23T153633.424-300x300.jpg 300w, https:\/\/tourturkey.com\/wp-content\/uploads\/2025\/10\/Adsiz-tasarim-2025-10-23T153633.424-150x150.jpg 150w, https:\/\/tourturkey.com\/wp-content\/uploads\/2025\/10\/Adsiz-tasarim-2025-10-23T153633.424-100x100.jpg 100w\" sizes=\"(max-width: 400px) 100vw, 400px\" \/><\/figure><div class=\"elementor-image-box-content\"><h3 class=\"elementor-image-box-title\">Suleyman<\/h3><\/div><\/div>\t\t\t\t<\/div>\n\t\t\t\t<\/div>\n\t\t<div class=\"elementor-element elementor-element-7771a09 e-con-full e-flex e-con e-child\" data-id=\"7771a09\" data-element_type=\"container\">\n\t\t\t\t<div class=\"elementor-element elementor-element-cd2a58e elementor-position-top elementor-invisible elementor-widget elementor-widget-image-box\" data-id=\"cd2a58e\" data-element_type=\"widget\" data-settings=\"{&quot;_animation&quot;:&quot;togo-fade-in-up&quot;}\" data-widget_type=\"image-box.default\">\n\t\t\t\t\t<div class=\"elementor-image-box-wrapper\"><figure class=\"elementor-image-box-img\"><img decoding=\"async\" width=\"400\" height=\"400\" src=\"https:\/\/tourturkey.com\/wp-content\/uploads\/2025\/10\/Adsiz-tasarim-2025-10-23T153633.424.jpg\" class=\"attachment-full size-full wp-image-7911\" alt=\"\" srcset=\"https:\/\/tourturkey.com\/wp-content\/uploads\/2025\/10\/Adsiz-tasarim-2025-10-23T153633.424.jpg 400w, https:\/\/tourturkey.com\/wp-content\/uploads\/2025\/10\/Adsiz-tasarim-2025-10-23T153633.424-300x300.jpg 300w, https:\/\/tourturkey.com\/wp-content\/uploads\/2025\/10\/Adsiz-tasarim-2025-10-23T153633.424-150x150.jpg 150w, https:\/\/tourturkey.com\/wp-content\/uploads\/2025\/10\/Adsiz-tasarim-2025-10-23T153633.424-100x100.jpg 100w\" sizes=\"(max-width: 400px) 100vw, 400px\" \/><\/figure><div class=\"elementor-image-box-content\"><h3 class=\"elementor-image-box-title\">Bayram<\/h3><\/div><\/div>\t\t\t\t<\/div>\n\t\t\t\t<\/div>\n\t\t<div class=\"elementor-element elementor-element-172b71f e-con-full e-flex e-con e-child\" data-id=\"172b71f\" data-element_type=\"container\">\n\t\t\t\t<div class=\"elementor-element elementor-element-5e23d3c elementor-position-top elementor-invisible elementor-widget elementor-widget-image-box\" data-id=\"5e23d3c\" data-element_type=\"widget\" data-settings=\"{&quot;_animation&quot;:&quot;togo-fade-in-up&quot;}\" data-widget_type=\"image-box.default\">\n\t\t\t\t\t<div class=\"elementor-image-box-wrapper\"><figure class=\"elementor-image-box-img\"><img decoding=\"async\" width=\"400\" height=\"400\" src=\"https:\/\/tourturkey.com\/wp-content\/uploads\/2025\/10\/Adsiz-tasarim-2025-10-23T153633.424.jpg\" class=\"attachment-full size-full wp-image-7911\" alt=\"\" srcset=\"https:\/\/tourturkey.com\/wp-content\/uploads\/2025\/10\/Adsiz-tasarim-2025-10-23T153633.424.jpg 400w, https:\/\/tourturkey.com\/wp-content\/uploads\/2025\/10\/Adsiz-tasarim-2025-10-23T153633.424-300x300.jpg 300w, https:\/\/tourturkey.com\/wp-content\/uploads\/2025\/10\/Adsiz-tasarim-2025-10-23T153633.424-150x150.jpg 150w, https:\/\/tourturkey.com\/wp-content\/uploads\/2025\/10\/Adsiz-tasarim-2025-10-23T153633.424-100x100.jpg 100w\" sizes=\"(max-width: 400px) 100vw, 400px\" \/><\/figure><div class=\"elementor-image-box-content\"><h3 class=\"elementor-image-box-title\">Fatih<\/h3><\/div><\/div>\t\t\t\t<\/div>\n\t\t\t\t<\/div>\n\t\t\t\t\t<\/div>\n\t\t\t\t<\/div>\n\t\t\t\t<\/div>","protected":false},"excerpt":{"rendered":"<p>About us Hello Warm greetings from cradle of civilisations, junction of continents, from Istanbul, Turkey. We, three proffesional tour guide established a travel agent, long years worked as guide with different travel agents, and with different nationality. Now, we are focus to online travel services for independent travellers and guest who want to get amazing, [&hellip;]<\/p>","protected":false},"author":1,"featured_media":0,"parent":0,"menu_order":0,"comment_status":"closed","ping_status":"closed","template":"elementor_header_footer","meta":{"footnotes":""},"class_list":["post-2273","page","type-page","status-publish","hentry"],"_links":{"self":[{"href":"https:\/\/tourturkey.com\/es\/wp-json\/wp\/v2\/pages\/2273","targetHints":{"allow":["GET"]}}],"collection":[{"href":"https:\/\/tourturkey.com\/es\/wp-json\/wp\/v2\/pages"}],"about":[{"href":"https:\/\/tourturkey.com\/es\/wp-json\/wp\/v2\/types\/page"}],"author":[{"embeddable":true,"href":"https:\/\/tourturkey.com\/es\/wp-json\/wp\/v2\/users\/1"}],"replies":[{"embeddable":true,"href":"https:\/\/tourturkey.com\/es\/wp-json\/wp\/v2\/comments?post=2273"}],"version-history":[{"count":23,"href":"https:\/\/tourturkey.com\/es\/wp-json\/wp\/v2\/pages\/2273\/revisions"}],"predecessor-version":[{"id":8808,"href":"https:\/\/tourturkey.com\/es\/wp-json\/wp\/v2\/pages\/2273\/revisions\/8808"}],"wp:attachment":[{"href":"https:\/\/tourturkey.com\/es\/wp-json\/wp\/v2\/media?parent=2273"}],"curies":[{"name":"wp","href":"https:\/\/api.w.org\/{rel}","templated":true}]}}